{"id":99,"date":"2022-09-21T18:16:48","date_gmt":"2022-09-21T18:16:48","guid":{"rendered":"http:\/\/godhearsyou.org\/?page_id=99"},"modified":"2026-03-10T00:56:05","modified_gmt":"2026-03-10T00:56:05","slug":"buh-te-slysi","status":"publish","type":"page","link":"https:\/\/godhearsyou.org\/cs\/","title":{"rendered":"B\u016fh t\u011b sly\u0161\u00ed"},"content":{"rendered":"\r\n<h3>Sd\u00edlejte sv\u00e9 my\u0161lenky, pocity, smutky a \u0161t\u011bst\u00ed s Bohem. Vyslechne v\u0161echna va\u0161e slova. B\u016fh ti pom\u016f\u017ee!<\/h3>\r\n\r\n\r\n<div class=\"wpforms-container wpforms-container-full wpforms-block\" id=\"wpforms-5\"><form id=\"wpforms-form-5\" class=\"wpforms-validate wpforms-form wpforms-ajax-form\" data-formid=\"5\" method=\"post\" enctype=\"multipart\/form-data\" action=\"\/cs\/wp-json\/wp\/v2\/pages\/99\" data-token=\"d6946ee12415616033d688a990d3cb45\" data-token-time=\"1777746405\"><noscript class=\"wpforms-error-noscript\">Chcete-li vyplnit tento formul\u00e1\u0159, pros\u00edm povolte v prohl\u00ed\u017ee\u010di JavaScript.<\/noscript><div class=\"wpforms-field-container\"><div id=\"wpforms-5-field_1-container\" class=\"wpforms-field wpforms-field-textarea\" data-field-id=\"1\"><label class=\"wpforms-field-label\" for=\"wpforms-5-field_1\">Your Message to God <span class=\"wpforms-required-label\">*<\/span><\/label><textarea id=\"wpforms-5-field_1\" class=\"wpforms-field-medium wpforms-field-required\" name=\"wpforms[fields][1]\" required><\/textarea><\/div><\/div><!-- .wpforms-field-container --><div class=\"wpforms-field wpforms-field-hp\"><label for=\"wpforms-5-field-hp\" class=\"wpforms-field-label\">Phone<\/label><input type=\"text\" name=\"wpforms[hp]\" id=\"wpforms-5-field-hp\" class=\"wpforms-field-medium\"><\/div><div class=\"wpforms-submit-container\" ><input type=\"hidden\" name=\"wpforms[id]\" value=\"5\"><input type=\"hidden\" name=\"page_title\" value=\"\"><input type=\"hidden\" name=\"page_url\" value=\"https:\/\/godhearsyou.org\/cs\/wp-json\/wp\/v2\/pages\/99\"><input type=\"hidden\" name=\"url_referer\" value=\"\"><button type=\"submit\" name=\"wpforms[submit]\" id=\"wpforms-submit-5\" class=\"wpforms-submit\" aria-live=\"assertive\" value=\"wpforms-submit\">Odeslat Bohu<\/button><img decoding=\"async\" loading=\"lazy\" src=\"https:\/\/godhearsyou.org\/wp-content\/plugins\/wpforms\/assets\/images\/submit-spin.svg\" class=\"wpforms-submit-spinner\" style=\"display: none;\" width=\"26\" height=\"26\" alt=\"Na\u010d\u00edt\u00e1n\u00ed\"><\/div><\/form><\/div>  <!-- .wpforms-container -->\r\n\r\n\r\n<div class=\"is-layout-flex wp-block-buttons is-content-justification-right\">\r\n<div class=\"wp-block-button\"><a class=\"wp-block-button__link\" style=\"border-radius: 50px;\" href=\"https:\/\/godhearsyou.org\/cs\/donate\/\" target=\"_blank\" rel=\"noreferrer noopener\">Darovat<\/a><\/div>\r\n<\/div>\r\n\r\n\r\n\r\n<p>&nbsp;<\/p>\r\n<p>&nbsp;<\/p>","protected":false},"excerpt":{"rendered":"<p>Sd\u00edlejte sv\u00e9 my\u0161lenky, pocity, smutky a \u0161t\u011bst\u00ed s Bohem. Vyslechne v\u0161echna va\u0161e slova. B\u016fh ti pom\u016f\u017ee! &nbsp; &nbsp;<\/p>\n","protected":false},"author":1,"featured_media":0,"parent":0,"menu_order":0,"comment_status":"closed","ping_status":"closed","template":"","meta":[],"yoast_head":"<!-- This site is optimized with the Yoast SEO Premium plugin v15.8.2 - https:\/\/yoast.com\/wordpress\/plugins\/seo\/ -->\n<meta name=\"description\" content=\"Sd\u00edlejte sv\u00e9 my\u0161lenky, pocity, smutky a \u0161t\u011bst\u00ed s Bohem. Vyslechne v\u0161echna va\u0161e slova. B\u016fh ti \u017eehnej!\" \/>\n<meta name=\"robots\" content=\"index, follow, max-snippet:-1, max-image-preview:large, max-video-preview:-1\" \/>\n<link rel=\"canonical\" href=\"https:\/\/godhearsyou.org\/cs\/\" \/>\n<meta property=\"og:locale\" content=\"cs_CZ\" \/>\n<meta property=\"og:type\" content=\"article\" \/>\n<meta property=\"og:title\" content=\"Po\u0161lete zpr\u00e1vu Bohu - God Hears You\" \/>\n<meta property=\"og:description\" content=\"Sd\u00edlejte sv\u00e9 my\u0161lenky, pocity, smutky a \u0161t\u011bst\u00ed s Bohem. Vyslechne v\u0161echna va\u0161e slova. B\u016fh ti \u017eehnej!\" \/>\n<meta property=\"og:url\" content=\"https:\/\/godhearsyou.org\/cs\/\" \/>\n<meta property=\"og:site_name\" content=\"God Hears You\" \/>\n<meta property=\"article:modified_time\" content=\"2026-03-10T00:56:05+00:00\" \/>\n<meta property=\"og:image\" content=\"https:\/\/godhearsyou.org\/wp-content\/uploads\/2023\/01\/Send-Message-to-God-God-Hears-You-logo.png\" \/>\n\t<meta property=\"og:image:width\" content=\"326\" \/>\n\t<meta property=\"og:image:height\" content=\"87\" \/>\n<meta name=\"twitter:card\" content=\"summary_large_image\" \/>\n<meta name=\"twitter:label1\" content=\"Odhadovan\u00e1 doba \u010dten\u00ed\">\n\t<meta name=\"twitter:data1\" content=\"1 minuta\">\n<script type=\"application\/ld+json\" class=\"yoast-schema-graph\">{\"@context\":\"https:\/\/schema.org\",\"@graph\":[{\"@type\":\"Organization\",\"@id\":\"https:\/\/godhearsyou.org\/#organization\",\"name\":\"God Hears You\",\"url\":\"https:\/\/godhearsyou.org\/\",\"sameAs\":[],\"logo\":{\"@type\":\"ImageObject\",\"@id\":\"https:\/\/godhearsyou.org\/#logo\",\"inLanguage\":\"cs\",\"url\":\"https:\/\/godhearsyou.org\/wp-content\/uploads\/2023\/01\/Send-Message-to-God-God-Hears-You-logo.png\",\"width\":326,\"height\":87,\"caption\":\"God Hears You\"},\"image\":{\"@id\":\"https:\/\/godhearsyou.org\/#logo\"}},{\"@type\":\"WebSite\",\"@id\":\"https:\/\/godhearsyou.org\/#website\",\"url\":\"https:\/\/godhearsyou.org\/\",\"name\":\"God Hears You\",\"description\":\"\",\"publisher\":{\"@id\":\"https:\/\/godhearsyou.org\/#organization\"},\"potentialAction\":[{\"@type\":\"SearchAction\",\"target\":\"https:\/\/godhearsyou.org\/?s={search_term_string}\",\"query-input\":\"required name=search_term_string\"}],\"inLanguage\":\"cs\"},{\"@type\":\"WebPage\",\"@id\":\"https:\/\/godhearsyou.org\/cs\/#webpage\",\"url\":\"https:\/\/godhearsyou.org\/cs\/\",\"name\":\"Po\\u0161lete zpr\\u00e1vu Bohu - God Hears You\",\"isPartOf\":{\"@id\":\"https:\/\/godhearsyou.org\/#website\"},\"datePublished\":\"2022-09-21T18:16:48+00:00\",\"dateModified\":\"2026-03-10T00:56:05+00:00\",\"description\":\"Sd\\u00edlejte sv\\u00e9 my\\u0161lenky, pocity, smutky a \\u0161t\\u011bst\\u00ed s Bohem. Vyslechne v\\u0161echna va\\u0161e slova. B\\u016fh ti \\u017eehnej!\",\"breadcrumb\":{\"@id\":\"https:\/\/godhearsyou.org\/cs\/#breadcrumb\"},\"inLanguage\":\"cs\",\"potentialAction\":[{\"@type\":\"ReadAction\",\"target\":[\"https:\/\/godhearsyou.org\/cs\/\"]}]},{\"@type\":\"BreadcrumbList\",\"@id\":\"https:\/\/godhearsyou.org\/cs\/#breadcrumb\",\"itemListElement\":[{\"@type\":\"ListItem\",\"position\":1,\"item\":{\"@type\":\"WebPage\",\"@id\":\"https:\/\/godhearsyou.org\/cs\/\",\"url\":\"https:\/\/godhearsyou.org\/cs\/\",\"name\":\"Home\"}},{\"@type\":\"ListItem\",\"position\":2,\"item\":{\"@type\":\"WebPage\",\"@id\":\"https:\/\/godhearsyou.org\/cs\/\",\"url\":\"https:\/\/godhearsyou.org\/cs\/\",\"name\":\"B\\u016fh t\\u011b sly\\u0161\\u00ed\"}}]}]}<\/script>\n<!-- \/ Yoast SEO Premium plugin. -->","_links":{"self":[{"href":"https:\/\/godhearsyou.org\/cs\/wp-json\/wp\/v2\/pages\/99"}],"collection":[{"href":"https:\/\/godhearsyou.org\/cs\/wp-json\/wp\/v2\/pages"}],"about":[{"href":"https:\/\/godhearsyou.org\/cs\/wp-json\/wp\/v2\/types\/page"}],"author":[{"embeddable":true,"href":"https:\/\/godhearsyou.org\/cs\/wp-json\/wp\/v2\/users\/1"}],"replies":[{"embeddable":true,"href":"https:\/\/godhearsyou.org\/cs\/wp-json\/wp\/v2\/comments?post=99"}],"version-history":[{"count":4,"href":"https:\/\/godhearsyou.org\/cs\/wp-json\/wp\/v2\/pages\/99\/revisions"}],"predecessor-version":[{"id":438,"href":"https:\/\/godhearsyou.org\/cs\/wp-json\/wp\/v2\/pages\/99\/revisions\/438"}],"wp:attachment":[{"href":"https:\/\/godhearsyou.org\/cs\/wp-json\/wp\/v2\/media?parent=99"}],"curies":[{"name":"wp","href":"https:\/\/api.w.org\/{rel}","templated":true}]}}