{"id":173,"date":"2021-04-02T17:57:50","date_gmt":"2021-04-02T17:57:50","guid":{"rendered":"http:\/\/godhearsyou.org\/donate\/"},"modified":"2026-03-07T19:32:09","modified_gmt":"2026-03-07T19:32:09","slug":"donate","status":"publish","type":"page","link":"https:\/\/godhearsyou.org\/fi\/donate\/","title":{"rendered":"Donate"},"content":{"rendered":"<h4>Pienell\u00e4 lahjoituksella ruokitaan lapsi seitsem\u00e4n p\u00e4iv\u00e4n ajan.<\/h4>\n<hr \/>\n<div class=\"donatebyethbox\">\n<p>Voit tehd\u00e4 nimett\u00f6m\u00e4n lahjoituksen l\u00e4hett\u00e4m\u00e4ll\u00e4 Ethereum-lahjoituksen seuraavaan ETH-lompakkoosoitteeseen:<\/p>\n<p><i>0x6759ebE350DE8Da9a117e028be882D120aE49086<\/i><\/div>\n<hr \/>\n<div id=\"ghy-donation-wrap\" class=\"ghy-donation-wrap\">\n\n    \n        <!-- \u2500\u2500 Ko-fi Embed Mode \u2500\u2500\u2500\u2500\u2500\u2500\u2500\u2500\u2500\u2500\u2500\u2500\u2500\u2500\u2500\u2500\u2500\u2500\u2500\u2500\u2500\u2500\u2500\u2500\u2500\u2500\u2500\u2500\u2500\u2500\u2500\u2500\u2500\u2500\u2500\u2500\u2500\u2500\u2500 -->\n        <div class=\"ghy-kofi-embed-wrap\">\n            <iframe id='kofiframe'\n                src='https:\/\/ko-fi.com\/godhearsyou\/?hidefeed=true&widget=true&embed=true'\n                style='border:none;width:100%;display:block;'\n                height='620'\n                title='Support God Hears You on Ko-fi'\n                loading='lazy'>\n            <\/iframe>\n            <p class=\"ghy-kofi-powered\">\n                \ud83d\udd12 Secured &amp; processed by <strong>Ko-fi<\/strong>\n            <\/p>\n        <\/div>\n\n    \n<\/div>\n","protected":false},"excerpt":{"rendered":"<p>Pienell\u00e4 lahjoituksella ruokitaan lapsi seitsem\u00e4n p\u00e4iv\u00e4n ajan. Voit tehd\u00e4 nimett\u00f6m\u00e4n lahjoituksen l\u00e4hett\u00e4m\u00e4ll\u00e4 Ethereum-lahjoituksen seuraavaan ETH-lompakkoosoitteeseen: 0x6759ebE350DE8Da9a117e028be882D120aE49086<\/p>\n","protected":false},"author":1,"featured_media":0,"parent":0,"menu_order":0,"comment_status":"closed","ping_status":"closed","template":"","meta":[],"yoast_head":"<!-- This site is optimized with the Yoast SEO Premium plugin v15.8.2 - https:\/\/yoast.com\/wordpress\/plugins\/seo\/ -->\n<meta name=\"description\" content=\"Share your thoughts, feelings, sorrows and happiness with god. He will listen to all of your words. God will help you!.\" \/>\n<meta name=\"robots\" content=\"index, follow, max-snippet:-1, max-image-preview:large, max-video-preview:-1\" \/>\n<link rel=\"canonical\" href=\"https:\/\/godhearsyou.org\/fi\/donate\/\" \/>\n<meta property=\"og:locale\" content=\"fi_FI\" \/>\n<meta property=\"og:type\" content=\"article\" \/>\n<meta property=\"og:title\" content=\"Send message to God - God Hears You\" \/>\n<meta property=\"og:description\" content=\"Share your thoughts, feelings, sorrows and happiness with god. He will listen to all of your words. God will help you!.\" \/>\n<meta property=\"og:url\" content=\"https:\/\/godhearsyou.org\/fi\/donate\/\" \/>\n<meta property=\"og:site_name\" content=\"God Hears You\" \/>\n<meta property=\"article:modified_time\" content=\"2026-03-07T19:32:09+00:00\" \/>\n<meta property=\"og:image\" content=\"https:\/\/godhearsyou.org\/wp-content\/uploads\/2023\/01\/Send-Message-to-God-God-Hears-You-logo.png\" \/>\n\t<meta property=\"og:image:width\" content=\"326\" \/>\n\t<meta property=\"og:image:height\" content=\"87\" \/>\n<meta name=\"twitter:card\" content=\"summary_large_image\" \/>\n<meta name=\"twitter:label1\" content=\"Arvioitu lukuaika\">\n\t<meta name=\"twitter:data1\" content=\"1 minuutti\">\n<script type=\"application\/ld+json\" class=\"yoast-schema-graph\">{\"@context\":\"https:\/\/schema.org\",\"@graph\":[{\"@type\":\"Organization\",\"@id\":\"https:\/\/godhearsyou.org\/#organization\",\"name\":\"God Hears You\",\"url\":\"https:\/\/godhearsyou.org\/\",\"sameAs\":[],\"logo\":{\"@type\":\"ImageObject\",\"@id\":\"https:\/\/godhearsyou.org\/#logo\",\"inLanguage\":\"fi\",\"url\":\"https:\/\/godhearsyou.org\/wp-content\/uploads\/2023\/01\/Send-Message-to-God-God-Hears-You-logo.png\",\"width\":326,\"height\":87,\"caption\":\"God Hears You\"},\"image\":{\"@id\":\"https:\/\/godhearsyou.org\/#logo\"}},{\"@type\":\"WebSite\",\"@id\":\"https:\/\/godhearsyou.org\/#website\",\"url\":\"https:\/\/godhearsyou.org\/\",\"name\":\"God Hears You\",\"description\":\"\",\"publisher\":{\"@id\":\"https:\/\/godhearsyou.org\/#organization\"},\"potentialAction\":[{\"@type\":\"SearchAction\",\"target\":\"https:\/\/godhearsyou.org\/?s={search_term_string}\",\"query-input\":\"required name=search_term_string\"}],\"inLanguage\":\"fi\"},{\"@type\":\"WebPage\",\"@id\":\"https:\/\/godhearsyou.org\/fi\/donate\/#webpage\",\"url\":\"https:\/\/godhearsyou.org\/fi\/donate\/\",\"name\":\"Send message to God - God Hears You\",\"isPartOf\":{\"@id\":\"https:\/\/godhearsyou.org\/#website\"},\"datePublished\":\"2021-04-02T17:57:50+00:00\",\"dateModified\":\"2026-03-07T19:32:09+00:00\",\"description\":\"Share your thoughts, feelings, sorrows and happiness with god. He will listen to all of your words. God will help you!.\",\"breadcrumb\":{\"@id\":\"https:\/\/godhearsyou.org\/fi\/donate\/#breadcrumb\"},\"inLanguage\":\"fi\",\"potentialAction\":[{\"@type\":\"ReadAction\",\"target\":[\"https:\/\/godhearsyou.org\/fi\/donate\/\"]}]},{\"@type\":\"BreadcrumbList\",\"@id\":\"https:\/\/godhearsyou.org\/fi\/donate\/#breadcrumb\",\"itemListElement\":[{\"@type\":\"ListItem\",\"position\":1,\"item\":{\"@type\":\"WebPage\",\"@id\":\"https:\/\/godhearsyou.org\/fi\/\",\"url\":\"https:\/\/godhearsyou.org\/fi\/\",\"name\":\"Home\"}},{\"@type\":\"ListItem\",\"position\":2,\"item\":{\"@type\":\"WebPage\",\"@id\":\"https:\/\/godhearsyou.org\/fi\/donate\/\",\"url\":\"https:\/\/godhearsyou.org\/fi\/donate\/\",\"name\":\"Donate\"}}]}]}<\/script>\n<!-- \/ Yoast SEO Premium plugin. -->","_links":{"self":[{"href":"https:\/\/godhearsyou.org\/fi\/wp-json\/wp\/v2\/pages\/173"}],"collection":[{"href":"https:\/\/godhearsyou.org\/fi\/wp-json\/wp\/v2\/pages"}],"about":[{"href":"https:\/\/godhearsyou.org\/fi\/wp-json\/wp\/v2\/types\/page"}],"author":[{"embeddable":true,"href":"https:\/\/godhearsyou.org\/fi\/wp-json\/wp\/v2\/users\/1"}],"replies":[{"embeddable":true,"href":"https:\/\/godhearsyou.org\/fi\/wp-json\/wp\/v2\/comments?post=173"}],"version-history":[{"count":4,"href":"https:\/\/godhearsyou.org\/fi\/wp-json\/wp\/v2\/pages\/173\/revisions"}],"predecessor-version":[{"id":420,"href":"https:\/\/godhearsyou.org\/fi\/wp-json\/wp\/v2\/pages\/173\/revisions\/420"}],"wp:attachment":[{"href":"https:\/\/godhearsyou.org\/fi\/wp-json\/wp\/v2\/media?parent=173"}],"curies":[{"name":"wp","href":"https:\/\/api.w.org\/{rel}","templated":true}]}}