{"id":50,"date":"2021-04-05T08:00:50","date_gmt":"2021-04-05T08:00:50","guid":{"rendered":"http:\/\/godhearsyou.org\/?page_id=50"},"modified":"2023-01-07T18:59:45","modified_gmt":"2023-01-07T18:59:45","slug":"god-hears-you","status":"publish","type":"page","link":"https:\/\/godhearsyou.org\/fr\/","title":{"rendered":"Dieu vous entend"},"content":{"rendered":"\r\n<h3>Partagez vos pens\u00e9es, vos sentiments, vos peines et votre bonheur avec Dieu. Il \u00e9coutera tous vos mots. Dieu te b\u00e9nisse!.<\/h3>\r\n\r\n\r\n<div class=\"wpforms-container wpforms-container-full wpforms-block\" id=\"wpforms-5\"><form id=\"wpforms-form-5\" class=\"wpforms-validate wpforms-form wpforms-ajax-form\" data-formid=\"5\" method=\"post\" enctype=\"multipart\/form-data\" action=\"\/fr\/wp-json\/wp\/v2\/pages\/50\" data-token=\"d6946ee12415616033d688a990d3cb45\" data-token-time=\"1777746410\"><noscript class=\"wpforms-error-noscript\">Veuillez activer JavaScript dans votre navigateur pour remplir ce formulaire.<\/noscript><div class=\"wpforms-field-container\"><div id=\"wpforms-5-field_1-container\" class=\"wpforms-field wpforms-field-textarea\" data-field-id=\"1\"><label class=\"wpforms-field-label\" for=\"wpforms-5-field_1\">Your Message to God <span class=\"wpforms-required-label\">*<\/span><\/label><textarea id=\"wpforms-5-field_1\" class=\"wpforms-field-medium wpforms-field-required\" name=\"wpforms[fields][1]\" required><\/textarea><\/div><\/div><!-- .wpforms-field-container --><div class=\"wpforms-field wpforms-field-hp\"><label for=\"wpforms-5-field-hp\" class=\"wpforms-field-label\">Email<\/label><input type=\"text\" name=\"wpforms[hp]\" id=\"wpforms-5-field-hp\" class=\"wpforms-field-medium\"><\/div><div class=\"wpforms-submit-container\" ><input type=\"hidden\" name=\"wpforms[id]\" value=\"5\"><input type=\"hidden\" name=\"page_title\" value=\"\"><input type=\"hidden\" name=\"page_url\" value=\"https:\/\/godhearsyou.org\/fr\/wp-json\/wp\/v2\/pages\/50\"><input type=\"hidden\" name=\"url_referer\" value=\"\"><button type=\"submit\" name=\"wpforms[submit]\" id=\"wpforms-submit-5\" class=\"wpforms-submit\" aria-live=\"assertive\" value=\"wpforms-submit\">Envoyer \u00e0 Dieu<\/button><img decoding=\"async\" loading=\"lazy\" src=\"https:\/\/godhearsyou.org\/wp-content\/plugins\/wpforms\/assets\/images\/submit-spin.svg\" class=\"wpforms-submit-spinner\" style=\"display: none;\" width=\"26\" height=\"26\" alt=\"Chargement en cours\"><\/div><\/form><\/div>  <!-- .wpforms-container -->\r\n\r\n\r\n<div class=\"is-layout-flex wp-block-buttons is-content-justification-right\">\r\n<div class=\"wp-block-button\"><a class=\"wp-block-button__link\" style=\"border-radius: 50px;\" href=\"http:\/\/godhearsyou.org\/donate\/\" target=\"_blank\" rel=\"noreferrer noopener\">Faire un don<\/a><\/div>\r\n<\/div>\r\n\r\n\r\n\r\n<p>&nbsp;<\/p>\r\n\r\n<p>&nbsp;<\/p>","protected":false},"excerpt":{"rendered":"<p>Partagez vos pens\u00e9es, vos sentiments, vos peines et votre bonheur avec Dieu. Il \u00e9coutera tous vos mots. Dieu te b\u00e9nisse!. &nbsp; &nbsp;<\/p>\n","protected":false},"author":1,"featured_media":0,"parent":0,"menu_order":0,"comment_status":"closed","ping_status":"closed","template":"","meta":[],"yoast_head":"<!-- This site is optimized with the Yoast SEO Premium plugin v15.8.2 - https:\/\/yoast.com\/wordpress\/plugins\/seo\/ -->\n<meta name=\"description\" content=\"Partagez vos pens\u00e9es, vos sentiments, vos chagrins et votre bonheur avec Dieu. Il \u00e9coutera toutes vos paroles. Dieu vous aidera!\" \/>\n<meta name=\"robots\" content=\"index, follow, max-snippet:-1, max-image-preview:large, max-video-preview:-1\" \/>\n<link rel=\"canonical\" href=\"https:\/\/godhearsyou.org\/fr\/\" \/>\n<meta property=\"og:locale\" content=\"fr_FR\" \/>\n<meta property=\"og:type\" content=\"article\" \/>\n<meta property=\"og:title\" content=\"Envoyer un message \u00e0 Dieu - God Hears You\" \/>\n<meta property=\"og:description\" content=\"Partagez vos pens\u00e9es, vos sentiments, vos chagrins et votre bonheur avec Dieu. Il \u00e9coutera toutes vos paroles. Dieu vous aidera!\" \/>\n<meta property=\"og:url\" content=\"https:\/\/godhearsyou.org\/fr\/\" \/>\n<meta property=\"og:site_name\" content=\"God Hears You\" \/>\n<meta property=\"article:modified_time\" content=\"2023-01-07T18:59:45+00:00\" \/>\n<meta property=\"og:image\" content=\"https:\/\/godhearsyou.org\/wp-content\/uploads\/2023\/01\/Send-Message-to-God-God-Hears-You-logo.png\" \/>\n\t<meta property=\"og:image:width\" content=\"326\" \/>\n\t<meta property=\"og:image:height\" content=\"87\" \/>\n<meta name=\"twitter:card\" content=\"summary_large_image\" \/>\n<meta name=\"twitter:label1\" content=\"Dur\u00e9e de lecture estim\u00e9e\">\n\t<meta name=\"twitter:data1\" content=\"1 minute\">\n<script type=\"application\/ld+json\" class=\"yoast-schema-graph\">{\"@context\":\"https:\/\/schema.org\",\"@graph\":[{\"@type\":\"Organization\",\"@id\":\"https:\/\/godhearsyou.org\/#organization\",\"name\":\"God Hears You\",\"url\":\"https:\/\/godhearsyou.org\/\",\"sameAs\":[],\"logo\":{\"@type\":\"ImageObject\",\"@id\":\"https:\/\/godhearsyou.org\/#logo\",\"inLanguage\":\"fr-FR\",\"url\":\"https:\/\/godhearsyou.org\/wp-content\/uploads\/2023\/01\/Send-Message-to-God-God-Hears-You-logo.png\",\"width\":326,\"height\":87,\"caption\":\"God Hears You\"},\"image\":{\"@id\":\"https:\/\/godhearsyou.org\/#logo\"}},{\"@type\":\"WebSite\",\"@id\":\"https:\/\/godhearsyou.org\/#website\",\"url\":\"https:\/\/godhearsyou.org\/\",\"name\":\"God Hears You\",\"description\":\"\",\"publisher\":{\"@id\":\"https:\/\/godhearsyou.org\/#organization\"},\"potentialAction\":[{\"@type\":\"SearchAction\",\"target\":\"https:\/\/godhearsyou.org\/?s={search_term_string}\",\"query-input\":\"required name=search_term_string\"}],\"inLanguage\":\"fr-FR\"},{\"@type\":\"WebPage\",\"@id\":\"https:\/\/godhearsyou.org\/fr\/#webpage\",\"url\":\"https:\/\/godhearsyou.org\/fr\/\",\"name\":\"Envoyer un message \\u00e0 Dieu - God Hears You\",\"isPartOf\":{\"@id\":\"https:\/\/godhearsyou.org\/#website\"},\"datePublished\":\"2021-04-05T08:00:50+00:00\",\"dateModified\":\"2023-01-07T18:59:45+00:00\",\"description\":\"Partagez vos pens\\u00e9es, vos sentiments, vos chagrins et votre bonheur avec Dieu. Il \\u00e9coutera toutes vos paroles. Dieu vous aidera!\",\"breadcrumb\":{\"@id\":\"https:\/\/godhearsyou.org\/fr\/#breadcrumb\"},\"inLanguage\":\"fr-FR\",\"potentialAction\":[{\"@type\":\"ReadAction\",\"target\":[\"https:\/\/godhearsyou.org\/fr\/\"]}]},{\"@type\":\"BreadcrumbList\",\"@id\":\"https:\/\/godhearsyou.org\/fr\/#breadcrumb\",\"itemListElement\":[{\"@type\":\"ListItem\",\"position\":1,\"item\":{\"@type\":\"WebPage\",\"@id\":\"https:\/\/godhearsyou.org\/fr\/\",\"url\":\"https:\/\/godhearsyou.org\/fr\/\",\"name\":\"Home\"}},{\"@type\":\"ListItem\",\"position\":2,\"item\":{\"@type\":\"WebPage\",\"@id\":\"https:\/\/godhearsyou.org\/fr\/\",\"url\":\"https:\/\/godhearsyou.org\/fr\/\",\"name\":\"Dieu vous entend\"}}]}]}<\/script>\n<!-- \/ Yoast SEO Premium plugin. -->","_links":{"self":[{"href":"https:\/\/godhearsyou.org\/fr\/wp-json\/wp\/v2\/pages\/50"}],"collection":[{"href":"https:\/\/godhearsyou.org\/fr\/wp-json\/wp\/v2\/pages"}],"about":[{"href":"https:\/\/godhearsyou.org\/fr\/wp-json\/wp\/v2\/types\/page"}],"author":[{"embeddable":true,"href":"https:\/\/godhearsyou.org\/fr\/wp-json\/wp\/v2\/users\/1"}],"replies":[{"embeddable":true,"href":"https:\/\/godhearsyou.org\/fr\/wp-json\/wp\/v2\/comments?post=50"}],"version-history":[{"count":6,"href":"https:\/\/godhearsyou.org\/fr\/wp-json\/wp\/v2\/pages\/50\/revisions"}],"predecessor-version":[{"id":228,"href":"https:\/\/godhearsyou.org\/fr\/wp-json\/wp\/v2\/pages\/50\/revisions\/228"}],"wp:attachment":[{"href":"https:\/\/godhearsyou.org\/fr\/wp-json\/wp\/v2\/media?parent=50"}],"curies":[{"name":"wp","href":"https:\/\/api.w.org\/{rel}","templated":true}]}}