{"id":117,"date":"2022-09-21T18:32:34","date_gmt":"2022-09-21T18:32:34","guid":{"rendered":"http:\/\/godhearsyou.org\/?page_id=117"},"modified":"2023-01-07T19:01:46","modified_gmt":"2023-01-07T19:01:46","slug":"eisteann-dia-leat","status":"publish","type":"page","link":"https:\/\/godhearsyou.org\/ga\/","title":{"rendered":"\u00c9isteann Dia leat"},"content":{"rendered":"\r\n<h3>Comhroinn do chuid smaointe, moth\u00fach\u00e1in, br\u00f3n agus sonas le Dia. \u00c9istfidh s\u00e9 le do chuid focal go l\u00e9ir. Dia dhuit!<\/h3>\r\n\r\n\r\n<div class=\"wpforms-container wpforms-container-full wpforms-block\" id=\"wpforms-5\"><form id=\"wpforms-form-5\" class=\"wpforms-validate wpforms-form wpforms-ajax-form\" data-formid=\"5\" method=\"post\" enctype=\"multipart\/form-data\" action=\"\/ga\/wp-json\/wp\/v2\/pages\/117\" data-token=\"d6946ee12415616033d688a990d3cb45\" data-token-time=\"1777747206\"><noscript class=\"wpforms-error-noscript\">Please enable JavaScript in your browser to complete this form.<\/noscript><div class=\"wpforms-field-container\"><div id=\"wpforms-5-field_1-container\" class=\"wpforms-field wpforms-field-textarea\" data-field-id=\"1\"><label class=\"wpforms-field-label\" for=\"wpforms-5-field_1\">Your Message to God <span class=\"wpforms-required-label\">*<\/span><\/label><textarea id=\"wpforms-5-field_1\" class=\"wpforms-field-medium wpforms-field-required\" name=\"wpforms[fields][1]\" required><\/textarea><\/div><\/div><!-- .wpforms-field-container --><div class=\"wpforms-field wpforms-field-hp\"><label for=\"wpforms-5-field-hp\" class=\"wpforms-field-label\">Phone<\/label><input type=\"text\" name=\"wpforms[hp]\" id=\"wpforms-5-field-hp\" class=\"wpforms-field-medium\"><\/div><div class=\"wpforms-submit-container\" ><input type=\"hidden\" name=\"wpforms[id]\" value=\"5\"><input type=\"hidden\" name=\"page_title\" value=\"\"><input type=\"hidden\" name=\"page_url\" value=\"https:\/\/godhearsyou.org\/ga\/wp-json\/wp\/v2\/pages\/117\"><input type=\"hidden\" name=\"url_referer\" value=\"\"><button type=\"submit\" name=\"wpforms[submit]\" id=\"wpforms-submit-5\" class=\"wpforms-submit\" aria-live=\"assertive\" value=\"wpforms-submit\">Seol chuig Dia<\/button><img decoding=\"async\" loading=\"lazy\" src=\"https:\/\/godhearsyou.org\/wp-content\/plugins\/wpforms\/assets\/images\/submit-spin.svg\" class=\"wpforms-submit-spinner\" style=\"display: none;\" width=\"26\" height=\"26\" alt=\"Loading\"><\/div><\/form><\/div>  <!-- .wpforms-container -->\r\n\r\n\r\n<div class=\"is-layout-flex wp-block-buttons is-content-justification-right\">\r\n<div class=\"wp-block-button\"><a class=\"wp-block-button__link\" style=\"border-radius: 50px;\" href=\"http:\/\/godhearsyou.org\/donate\/\" target=\"_blank\" rel=\"noreferrer noopener\">S\u00ednti\u00fais<\/a><\/div>\r\n<\/div>\r\n\r\n\r\n\r\n<p>&nbsp;<\/p>\r\n<p>&nbsp;<\/p>","protected":false},"excerpt":{"rendered":"<p>Comhroinn do chuid smaointe, moth\u00fach\u00e1in, br\u00f3n agus sonas le Dia. \u00c9istfidh s\u00e9 le do chuid focal go l\u00e9ir. Dia dhuit! &nbsp; &nbsp;<\/p>\n","protected":false},"author":1,"featured_media":0,"parent":0,"menu_order":0,"comment_status":"closed","ping_status":"closed","template":"","meta":[],"yoast_head":"<!-- This site is optimized with the Yoast SEO Premium plugin v15.8.2 - https:\/\/yoast.com\/wordpress\/plugins\/seo\/ -->\n<meta name=\"description\" content=\"Comhroinn do chuid smaointe, moth\u00fach\u00e1in, br\u00f3n agus sonas le Dia. \u00c9istfidh s\u00e9 le do chuid focal go l\u00e9ir. Dia dhuit!\" \/>\n<meta name=\"robots\" content=\"index, follow, max-snippet:-1, max-image-preview:large, max-video-preview:-1\" \/>\n<link rel=\"canonical\" href=\"https:\/\/godhearsyou.org\/ga\/\" \/>\n<meta property=\"og:locale\" content=\"ga_IE\" \/>\n<meta property=\"og:type\" content=\"article\" \/>\n<meta property=\"og:title\" content=\"Seol teachtaireacht chuig Dia - God Hears You\" \/>\n<meta property=\"og:description\" content=\"Comhroinn do chuid smaointe, moth\u00fach\u00e1in, br\u00f3n agus sonas le Dia. \u00c9istfidh s\u00e9 le do chuid focal go l\u00e9ir. Dia dhuit!\" \/>\n<meta property=\"og:url\" content=\"https:\/\/godhearsyou.org\/ga\/\" \/>\n<meta property=\"og:site_name\" content=\"God Hears You\" \/>\n<meta property=\"article:modified_time\" content=\"2023-01-07T19:01:46+00:00\" \/>\n<meta property=\"og:image\" content=\"https:\/\/godhearsyou.org\/wp-content\/uploads\/2023\/01\/Send-Message-to-God-God-Hears-You-logo.png\" \/>\n\t<meta property=\"og:image:width\" content=\"326\" \/>\n\t<meta property=\"og:image:height\" content=\"87\" \/>\n<meta name=\"twitter:card\" content=\"summary_large_image\" \/>\n<meta name=\"twitter:label1\" content=\"Est. reading time\">\n\t<meta name=\"twitter:data1\" content=\"1 minute\">\n<script type=\"application\/ld+json\" class=\"yoast-schema-graph\">{\"@context\":\"https:\/\/schema.org\",\"@graph\":[{\"@type\":\"Organization\",\"@id\":\"https:\/\/godhearsyou.org\/#organization\",\"name\":\"God Hears You\",\"url\":\"https:\/\/godhearsyou.org\/\",\"sameAs\":[],\"logo\":{\"@type\":\"ImageObject\",\"@id\":\"https:\/\/godhearsyou.org\/#logo\",\"inLanguage\":\"ga-IE\",\"url\":\"https:\/\/godhearsyou.org\/wp-content\/uploads\/2023\/01\/Send-Message-to-God-God-Hears-You-logo.png\",\"width\":326,\"height\":87,\"caption\":\"God Hears You\"},\"image\":{\"@id\":\"https:\/\/godhearsyou.org\/#logo\"}},{\"@type\":\"WebSite\",\"@id\":\"https:\/\/godhearsyou.org\/#website\",\"url\":\"https:\/\/godhearsyou.org\/\",\"name\":\"God Hears You\",\"description\":\"\",\"publisher\":{\"@id\":\"https:\/\/godhearsyou.org\/#organization\"},\"potentialAction\":[{\"@type\":\"SearchAction\",\"target\":\"https:\/\/godhearsyou.org\/?s={search_term_string}\",\"query-input\":\"required name=search_term_string\"}],\"inLanguage\":\"ga-IE\"},{\"@type\":\"WebPage\",\"@id\":\"https:\/\/godhearsyou.org\/ga\/#webpage\",\"url\":\"https:\/\/godhearsyou.org\/ga\/\",\"name\":\"Seol teachtaireacht chuig Dia - God Hears You\",\"isPartOf\":{\"@id\":\"https:\/\/godhearsyou.org\/#website\"},\"datePublished\":\"2022-09-21T18:32:34+00:00\",\"dateModified\":\"2023-01-07T19:01:46+00:00\",\"description\":\"Comhroinn do chuid smaointe, moth\\u00fach\\u00e1in, br\\u00f3n agus sonas le Dia. \\u00c9istfidh s\\u00e9 le do chuid focal go l\\u00e9ir. Dia dhuit!\",\"breadcrumb\":{\"@id\":\"https:\/\/godhearsyou.org\/ga\/#breadcrumb\"},\"inLanguage\":\"ga-IE\",\"potentialAction\":[{\"@type\":\"ReadAction\",\"target\":[\"https:\/\/godhearsyou.org\/ga\/\"]}]},{\"@type\":\"BreadcrumbList\",\"@id\":\"https:\/\/godhearsyou.org\/ga\/#breadcrumb\",\"itemListElement\":[{\"@type\":\"ListItem\",\"position\":1,\"item\":{\"@type\":\"WebPage\",\"@id\":\"https:\/\/godhearsyou.org\/ga\/\",\"url\":\"https:\/\/godhearsyou.org\/ga\/\",\"name\":\"Home\"}},{\"@type\":\"ListItem\",\"position\":2,\"item\":{\"@type\":\"WebPage\",\"@id\":\"https:\/\/godhearsyou.org\/ga\/\",\"url\":\"https:\/\/godhearsyou.org\/ga\/\",\"name\":\"\\u00c9isteann Dia leat\"}}]}]}<\/script>\n<!-- \/ Yoast SEO Premium plugin. -->","_links":{"self":[{"href":"https:\/\/godhearsyou.org\/ga\/wp-json\/wp\/v2\/pages\/117"}],"collection":[{"href":"https:\/\/godhearsyou.org\/ga\/wp-json\/wp\/v2\/pages"}],"about":[{"href":"https:\/\/godhearsyou.org\/ga\/wp-json\/wp\/v2\/types\/page"}],"author":[{"embeddable":true,"href":"https:\/\/godhearsyou.org\/ga\/wp-json\/wp\/v2\/users\/1"}],"replies":[{"embeddable":true,"href":"https:\/\/godhearsyou.org\/ga\/wp-json\/wp\/v2\/comments?post=117"}],"version-history":[{"count":3,"href":"https:\/\/godhearsyou.org\/ga\/wp-json\/wp\/v2\/pages\/117\/revisions"}],"predecessor-version":[{"id":231,"href":"https:\/\/godhearsyou.org\/ga\/wp-json\/wp\/v2\/pages\/117\/revisions\/231"}],"wp:attachment":[{"href":"https:\/\/godhearsyou.org\/ga\/wp-json\/wp\/v2\/media?parent=117"}],"curies":[{"name":"wp","href":"https:\/\/api.w.org\/{rel}","templated":true}]}}