{"id":447,"date":"2021-04-02T11:34:49","date_gmt":"2021-04-02T11:34:49","guid":{"rendered":"https:\/\/godhearsyou.org\/god-hears-you\/"},"modified":"2026-03-10T05:17:09","modified_gmt":"2026-03-10T05:17:09","slug":"god-hears-you","status":"publish","type":"page","link":"https:\/\/godhearsyou.org\/hu\/","title":{"rendered":"Isten hall t\u00e9ged"},"content":{"rendered":"\r\n<h3 class=\"p1\">Oszd meg gondolataidat, \u00e9rz\u00e9seidet, b\u00e1nataidat \u00e9s \u00f6r\u00f6meidet Istennel. \u0150 meghallgat minden szavadat. Isten \u00e1ldjon meg t\u00e9ged!<\/h3>\r\n\r\n\r\n<div class=\"wpforms-container wpforms-container-full wpforms-block\" id=\"wpforms-5\"><form id=\"wpforms-form-5\" class=\"wpforms-validate wpforms-form wpforms-ajax-form\" data-formid=\"5\" method=\"post\" enctype=\"multipart\/form-data\" action=\"\/hu\/wp-json\/wp\/v2\/pages\/447\" data-token=\"d6946ee12415616033d688a990d3cb45\" data-token-time=\"1777747217\"><noscript class=\"wpforms-error-noscript\">Please enable JavaScript in your browser to complete this form.<\/noscript><div class=\"wpforms-field-container\"><div id=\"wpforms-5-field_1-container\" class=\"wpforms-field wpforms-field-textarea\" data-field-id=\"1\"><label class=\"wpforms-field-label\" for=\"wpforms-5-field_1\">Your Message to God <span class=\"wpforms-required-label\">*<\/span><\/label><textarea id=\"wpforms-5-field_1\" class=\"wpforms-field-medium wpforms-field-required\" name=\"wpforms[fields][1]\" required><\/textarea><\/div><\/div><!-- .wpforms-field-container --><div class=\"wpforms-field wpforms-field-hp\"><label for=\"wpforms-5-field-hp\" class=\"wpforms-field-label\">Phone<\/label><input type=\"text\" name=\"wpforms[hp]\" id=\"wpforms-5-field-hp\" class=\"wpforms-field-medium\"><\/div><div class=\"wpforms-submit-container\" ><input type=\"hidden\" name=\"wpforms[id]\" value=\"5\"><input type=\"hidden\" name=\"page_title\" value=\"\"><input type=\"hidden\" name=\"page_url\" value=\"https:\/\/godhearsyou.org\/hu\/wp-json\/wp\/v2\/pages\/447\"><input type=\"hidden\" name=\"url_referer\" value=\"\"><button type=\"submit\" name=\"wpforms[submit]\" id=\"wpforms-submit-5\" class=\"wpforms-submit\" aria-live=\"assertive\" value=\"wpforms-submit\">K\u00fcld\u00e9s Istennek<\/button><img decoding=\"async\" loading=\"lazy\" src=\"https:\/\/godhearsyou.org\/wp-content\/plugins\/wpforms\/assets\/images\/submit-spin.svg\" class=\"wpforms-submit-spinner\" style=\"display: none;\" width=\"26\" height=\"26\" alt=\"Loading\"><\/div><\/form><\/div>  <!-- .wpforms-container -->\r\n\r\n\r\n<div class=\"is-layout-flex wp-block-buttons is-content-justification-right\">\r\n<div class=\"wp-block-button\"><a class=\"wp-block-button__link\" style=\"border-radius: 50px;\" href=\"https:\/\/godhearsyou.org\/hu\/donate\/\" target=\"_blank\" rel=\"noreferrer noopener\">Adom\u00e1nyoz\u00e1s<\/a><\/div>\r\n<\/div>\r\n\r\n\r\n\r\n<p>&nbsp;<\/p>\r\n\r\n<p>&nbsp;<\/p>\r\n<p>&nbsp;<\/p>","protected":false},"excerpt":{"rendered":"<p>Oszd meg gondolataidat, \u00e9rz\u00e9seidet, b\u00e1nataidat \u00e9s \u00f6r\u00f6meidet Istennel. \u0150 meghallgat minden szavadat. Isten \u00e1ldjon meg t\u00e9ged! &nbsp; &nbsp; &nbsp;<\/p>\n","protected":false},"author":1,"featured_media":0,"parent":0,"menu_order":0,"comment_status":"closed","ping_status":"closed","template":"","meta":[],"yoast_head":"<!-- This site is optimized with the Yoast SEO Premium plugin v15.8.2 - https:\/\/yoast.com\/wordpress\/plugins\/seo\/ -->\n<meta name=\"description\" content=\"Oszd meg gondolataidat, \u00e9rz\u00e9seidet, b\u00e1nataidat \u00e9s \u00f6r\u00f6meidet Istennel. \u0150 meghallgat minden szavadat. Isten seg\u00edt neked!\" \/>\n<meta name=\"robots\" content=\"index, follow, max-snippet:-1, max-image-preview:large, max-video-preview:-1\" \/>\n<link rel=\"canonical\" href=\"https:\/\/godhearsyou.org\/hu\/\" \/>\n<meta property=\"og:locale\" content=\"hu_HU\" \/>\n<meta property=\"og:type\" content=\"article\" \/>\n<meta property=\"og:title\" content=\"\u00dczenet k\u00fcld\u00e9se Istennek - Isten hall t\u00e9ged\" \/>\n<meta property=\"og:description\" content=\"Oszd meg gondolataidat, \u00e9rz\u00e9seidet, b\u00e1nataidat \u00e9s \u00f6r\u00f6meidet Istennel. \u0150 meghallgat minden szavadat. Isten seg\u00edt neked!\" \/>\n<meta property=\"og:url\" content=\"https:\/\/godhearsyou.org\/hu\/\" \/>\n<meta property=\"og:site_name\" content=\"God Hears You\" \/>\n<meta property=\"article:modified_time\" content=\"2026-03-10T05:17:09+00:00\" \/>\n<meta property=\"og:image\" content=\"https:\/\/godhearsyou.org\/wp-content\/uploads\/2023\/01\/Send-Message-to-God-God-Hears-You-logo.png\" \/>\n\t<meta property=\"og:image:width\" content=\"326\" \/>\n\t<meta property=\"og:image:height\" content=\"87\" \/>\n<meta name=\"twitter:card\" content=\"summary_large_image\" \/>\n<meta name=\"twitter:label1\" content=\"Becs\u00fclt olvas\u00e1si id\u0151\">\n\t<meta name=\"twitter:data1\" content=\"1 perc\">\n<script type=\"application\/ld+json\" class=\"yoast-schema-graph\">{\"@context\":\"https:\/\/schema.org\",\"@graph\":[{\"@type\":\"Organization\",\"@id\":\"https:\/\/godhearsyou.org\/#organization\",\"name\":\"God Hears You\",\"url\":\"https:\/\/godhearsyou.org\/\",\"sameAs\":[],\"logo\":{\"@type\":\"ImageObject\",\"@id\":\"https:\/\/godhearsyou.org\/#logo\",\"inLanguage\":\"hu\",\"url\":\"https:\/\/godhearsyou.org\/wp-content\/uploads\/2023\/01\/Send-Message-to-God-God-Hears-You-logo.png\",\"width\":326,\"height\":87,\"caption\":\"God Hears You\"},\"image\":{\"@id\":\"https:\/\/godhearsyou.org\/#logo\"}},{\"@type\":\"WebSite\",\"@id\":\"https:\/\/godhearsyou.org\/#website\",\"url\":\"https:\/\/godhearsyou.org\/\",\"name\":\"God Hears You\",\"description\":\"\",\"publisher\":{\"@id\":\"https:\/\/godhearsyou.org\/#organization\"},\"potentialAction\":[{\"@type\":\"SearchAction\",\"target\":\"https:\/\/godhearsyou.org\/?s={search_term_string}\",\"query-input\":\"required name=search_term_string\"}],\"inLanguage\":\"hu\"},{\"@type\":\"WebPage\",\"@id\":\"https:\/\/godhearsyou.org\/hu\/#webpage\",\"url\":\"https:\/\/godhearsyou.org\/hu\/\",\"name\":\"\\u00dczenet k\\u00fcld\\u00e9se Istennek - Isten hall t\\u00e9ged\",\"isPartOf\":{\"@id\":\"https:\/\/godhearsyou.org\/#website\"},\"datePublished\":\"2021-04-02T11:34:49+00:00\",\"dateModified\":\"2026-03-10T05:17:09+00:00\",\"description\":\"Oszd meg gondolataidat, \\u00e9rz\\u00e9seidet, b\\u00e1nataidat \\u00e9s \\u00f6r\\u00f6meidet Istennel. \\u0150 meghallgat minden szavadat. Isten seg\\u00edt neked!\",\"breadcrumb\":{\"@id\":\"https:\/\/godhearsyou.org\/hu\/#breadcrumb\"},\"inLanguage\":\"hu\",\"potentialAction\":[{\"@type\":\"ReadAction\",\"target\":[\"https:\/\/godhearsyou.org\/hu\/\"]}]},{\"@type\":\"BreadcrumbList\",\"@id\":\"https:\/\/godhearsyou.org\/hu\/#breadcrumb\",\"itemListElement\":[{\"@type\":\"ListItem\",\"position\":1,\"item\":{\"@type\":\"WebPage\",\"@id\":\"https:\/\/godhearsyou.org\/hu\/\",\"url\":\"https:\/\/godhearsyou.org\/hu\/\",\"name\":\"Home\"}},{\"@type\":\"ListItem\",\"position\":2,\"item\":{\"@type\":\"WebPage\",\"@id\":\"https:\/\/godhearsyou.org\/hu\/\",\"url\":\"https:\/\/godhearsyou.org\/hu\/\",\"name\":\"Isten hall t\\u00e9ged\"}}]}]}<\/script>\n<!-- \/ Yoast SEO Premium plugin. -->","_links":{"self":[{"href":"https:\/\/godhearsyou.org\/hu\/wp-json\/wp\/v2\/pages\/447"}],"collection":[{"href":"https:\/\/godhearsyou.org\/hu\/wp-json\/wp\/v2\/pages"}],"about":[{"href":"https:\/\/godhearsyou.org\/hu\/wp-json\/wp\/v2\/types\/page"}],"author":[{"embeddable":true,"href":"https:\/\/godhearsyou.org\/hu\/wp-json\/wp\/v2\/users\/1"}],"replies":[{"embeddable":true,"href":"https:\/\/godhearsyou.org\/hu\/wp-json\/wp\/v2\/comments?post=447"}],"version-history":[{"count":2,"href":"https:\/\/godhearsyou.org\/hu\/wp-json\/wp\/v2\/pages\/447\/revisions"}],"predecessor-version":[{"id":467,"href":"https:\/\/godhearsyou.org\/hu\/wp-json\/wp\/v2\/pages\/447\/revisions\/467"}],"wp:attachment":[{"href":"https:\/\/godhearsyou.org\/hu\/wp-json\/wp\/v2\/media?parent=447"}],"curies":[{"name":"wp","href":"https:\/\/api.w.org\/{rel}","templated":true}]}}