{"id":130,"date":"2022-09-21T18:40:58","date_gmt":"2022-09-21T18:40:58","guid":{"rendered":"http:\/\/godhearsyou.org\/?page_id=130"},"modified":"2023-01-07T19:05:38","modified_gmt":"2023-01-07T19:05:38","slug":"bog-cie-slyszy","status":"publish","type":"page","link":"https:\/\/godhearsyou.org\/pl\/","title":{"rendered":"B\u00f3g ci\u0119 s\u0142yszy"},"content":{"rendered":"\r\n<h3>Podziel si\u0119 swoimi my\u015blami, uczuciami, smutkami i szcz\u0119\u015bciem z bogiem. On wys\u0142ucha wszystkich twoich s\u0142\u00f3w. Niech ci\u0119 B\u00f3g b\u0142ogos\u0142awi!<\/h3>\r\n\r\n\r\n<div class=\"wpforms-container wpforms-container-full wpforms-block\" id=\"wpforms-5\"><form id=\"wpforms-form-5\" class=\"wpforms-validate wpforms-form wpforms-ajax-form\" data-formid=\"5\" method=\"post\" enctype=\"multipart\/form-data\" action=\"\/pl\/wp-json\/wp\/v2\/pages\/130\" data-token=\"d6946ee12415616033d688a990d3cb45\" data-token-time=\"1777746458\"><noscript class=\"wpforms-error-noscript\">Aby wype\u0142ni\u0107 ten formularz, w\u0142\u0105cz obs\u0142ug\u0119 JavaScript w przegl\u0105darce.<\/noscript><div class=\"wpforms-field-container\"><div id=\"wpforms-5-field_1-container\" class=\"wpforms-field wpforms-field-textarea\" data-field-id=\"1\"><label class=\"wpforms-field-label\" for=\"wpforms-5-field_1\">Your Message to God <span class=\"wpforms-required-label\">*<\/span><\/label><textarea id=\"wpforms-5-field_1\" class=\"wpforms-field-medium wpforms-field-required\" name=\"wpforms[fields][1]\" required><\/textarea><\/div><\/div><!-- .wpforms-field-container --><div class=\"wpforms-field wpforms-field-hp\"><label for=\"wpforms-5-field-hp\" class=\"wpforms-field-label\">Comment<\/label><input type=\"text\" name=\"wpforms[hp]\" id=\"wpforms-5-field-hp\" class=\"wpforms-field-medium\"><\/div><div class=\"wpforms-submit-container\" ><input type=\"hidden\" name=\"wpforms[id]\" value=\"5\"><input type=\"hidden\" name=\"page_title\" value=\"\"><input type=\"hidden\" name=\"page_url\" value=\"https:\/\/godhearsyou.org\/pl\/wp-json\/wp\/v2\/pages\/130\"><input type=\"hidden\" name=\"url_referer\" value=\"\"><button type=\"submit\" name=\"wpforms[submit]\" id=\"wpforms-submit-5\" class=\"wpforms-submit\" aria-live=\"assertive\" value=\"wpforms-submit\">Wy\u015blij do Boga<\/button><img decoding=\"async\" loading=\"lazy\" src=\"https:\/\/godhearsyou.org\/wp-content\/plugins\/wpforms\/assets\/images\/submit-spin.svg\" class=\"wpforms-submit-spinner\" style=\"display: none;\" width=\"26\" height=\"26\" alt=\"Wczytywanie\"><\/div><\/form><\/div>  <!-- .wpforms-container -->\r\n\r\n\r\n<div class=\"is-layout-flex wp-block-buttons is-content-justification-right\">\r\n<div class=\"wp-block-button\"><a class=\"wp-block-button__link\" style=\"border-radius: 50px;\" href=\"http:\/\/godhearsyou.org\/donate\/\" target=\"_blank\" rel=\"noreferrer noopener\">Podarowa\u0107<\/a><\/div>\r\n<\/div>\r\n\r\n\r\n\r\n<p>&nbsp;<\/p>\r\n<p>&nbsp;<\/p>","protected":false},"excerpt":{"rendered":"<p>Podziel si\u0119 swoimi my\u015blami, uczuciami, smutkami i szcz\u0119\u015bciem z bogiem. On wys\u0142ucha wszystkich twoich s\u0142\u00f3w. Niech ci\u0119 B\u00f3g b\u0142ogos\u0142awi! &nbsp; &nbsp;<\/p>\n","protected":false},"author":1,"featured_media":0,"parent":0,"menu_order":0,"comment_status":"closed","ping_status":"closed","template":"","meta":[],"yoast_head":"<!-- This site is optimized with the Yoast SEO Premium plugin v15.8.2 - https:\/\/yoast.com\/wordpress\/plugins\/seo\/ -->\n<meta name=\"description\" content=\"Podziel si\u0119 swoimi my\u015blami, uczuciami, smutkami i szcz\u0119\u015bciem z bogiem. On wys\u0142ucha wszystkich twoich s\u0142\u00f3w. Niech ci\u0119 B\u00f3g b\u0142ogos\u0142awi!\" \/>\n<meta name=\"robots\" content=\"index, follow, max-snippet:-1, max-image-preview:large, max-video-preview:-1\" \/>\n<link rel=\"canonical\" href=\"https:\/\/godhearsyou.org\/pl\/\" \/>\n<meta property=\"og:locale\" content=\"pl_PL\" \/>\n<meta property=\"og:type\" content=\"article\" \/>\n<meta property=\"og:title\" content=\"Wy\u015blij wiadomo\u015b\u0107 do Boga - God Hears You\" \/>\n<meta property=\"og:description\" content=\"Podziel si\u0119 swoimi my\u015blami, uczuciami, smutkami i szcz\u0119\u015bciem z bogiem. On wys\u0142ucha wszystkich twoich s\u0142\u00f3w. Niech ci\u0119 B\u00f3g b\u0142ogos\u0142awi!\" \/>\n<meta property=\"og:url\" content=\"https:\/\/godhearsyou.org\/pl\/\" \/>\n<meta property=\"og:site_name\" content=\"God Hears You\" \/>\n<meta property=\"article:modified_time\" content=\"2023-01-07T19:05:38+00:00\" \/>\n<meta property=\"og:image\" content=\"https:\/\/godhearsyou.org\/wp-content\/uploads\/2023\/01\/Send-Message-to-God-God-Hears-You-logo.png\" \/>\n\t<meta property=\"og:image:width\" content=\"326\" \/>\n\t<meta property=\"og:image:height\" content=\"87\" \/>\n<meta name=\"twitter:card\" content=\"summary_large_image\" \/>\n<meta name=\"twitter:label1\" content=\"Szacowany czas czytania\">\n\t<meta name=\"twitter:data1\" content=\"1 minuta\">\n<script type=\"application\/ld+json\" class=\"yoast-schema-graph\">{\"@context\":\"https:\/\/schema.org\",\"@graph\":[{\"@type\":\"Organization\",\"@id\":\"https:\/\/godhearsyou.org\/#organization\",\"name\":\"God Hears You\",\"url\":\"https:\/\/godhearsyou.org\/\",\"sameAs\":[],\"logo\":{\"@type\":\"ImageObject\",\"@id\":\"https:\/\/godhearsyou.org\/#logo\",\"inLanguage\":\"pl-PL\",\"url\":\"https:\/\/godhearsyou.org\/wp-content\/uploads\/2023\/01\/Send-Message-to-God-God-Hears-You-logo.png\",\"width\":326,\"height\":87,\"caption\":\"God Hears You\"},\"image\":{\"@id\":\"https:\/\/godhearsyou.org\/#logo\"}},{\"@type\":\"WebSite\",\"@id\":\"https:\/\/godhearsyou.org\/#website\",\"url\":\"https:\/\/godhearsyou.org\/\",\"name\":\"God Hears You\",\"description\":\"\",\"publisher\":{\"@id\":\"https:\/\/godhearsyou.org\/#organization\"},\"potentialAction\":[{\"@type\":\"SearchAction\",\"target\":\"https:\/\/godhearsyou.org\/?s={search_term_string}\",\"query-input\":\"required name=search_term_string\"}],\"inLanguage\":\"pl-PL\"},{\"@type\":\"WebPage\",\"@id\":\"https:\/\/godhearsyou.org\/pl\/#webpage\",\"url\":\"https:\/\/godhearsyou.org\/pl\/\",\"name\":\"Wy\\u015blij wiadomo\\u015b\\u0107 do Boga - God Hears You\",\"isPartOf\":{\"@id\":\"https:\/\/godhearsyou.org\/#website\"},\"datePublished\":\"2022-09-21T18:40:58+00:00\",\"dateModified\":\"2023-01-07T19:05:38+00:00\",\"description\":\"Podziel si\\u0119 swoimi my\\u015blami, uczuciami, smutkami i szcz\\u0119\\u015bciem z bogiem. On wys\\u0142ucha wszystkich twoich s\\u0142\\u00f3w. Niech ci\\u0119 B\\u00f3g b\\u0142ogos\\u0142awi!\",\"breadcrumb\":{\"@id\":\"https:\/\/godhearsyou.org\/pl\/#breadcrumb\"},\"inLanguage\":\"pl-PL\",\"potentialAction\":[{\"@type\":\"ReadAction\",\"target\":[\"https:\/\/godhearsyou.org\/pl\/\"]}]},{\"@type\":\"BreadcrumbList\",\"@id\":\"https:\/\/godhearsyou.org\/pl\/#breadcrumb\",\"itemListElement\":[{\"@type\":\"ListItem\",\"position\":1,\"item\":{\"@type\":\"WebPage\",\"@id\":\"https:\/\/godhearsyou.org\/pl\/\",\"url\":\"https:\/\/godhearsyou.org\/pl\/\",\"name\":\"Home\"}},{\"@type\":\"ListItem\",\"position\":2,\"item\":{\"@type\":\"WebPage\",\"@id\":\"https:\/\/godhearsyou.org\/pl\/\",\"url\":\"https:\/\/godhearsyou.org\/pl\/\",\"name\":\"B\\u00f3g ci\\u0119 s\\u0142yszy\"}}]}]}<\/script>\n<!-- \/ Yoast SEO Premium plugin. -->","_links":{"self":[{"href":"https:\/\/godhearsyou.org\/pl\/wp-json\/wp\/v2\/pages\/130"}],"collection":[{"href":"https:\/\/godhearsyou.org\/pl\/wp-json\/wp\/v2\/pages"}],"about":[{"href":"https:\/\/godhearsyou.org\/pl\/wp-json\/wp\/v2\/types\/page"}],"author":[{"embeddable":true,"href":"https:\/\/godhearsyou.org\/pl\/wp-json\/wp\/v2\/users\/1"}],"replies":[{"embeddable":true,"href":"https:\/\/godhearsyou.org\/pl\/wp-json\/wp\/v2\/comments?post=130"}],"version-history":[{"count":3,"href":"https:\/\/godhearsyou.org\/pl\/wp-json\/wp\/v2\/pages\/130\/revisions"}],"predecessor-version":[{"id":236,"href":"https:\/\/godhearsyou.org\/pl\/wp-json\/wp\/v2\/pages\/130\/revisions\/236"}],"wp:attachment":[{"href":"https:\/\/godhearsyou.org\/pl\/wp-json\/wp\/v2\/media?parent=130"}],"curies":[{"name":"wp","href":"https:\/\/api.w.org\/{rel}","templated":true}]}}