{"id":147,"date":"2022-09-21T18:54:29","date_gmt":"2022-09-21T18:54:29","guid":{"rendered":"http:\/\/godhearsyou.org\/?page_id=147"},"modified":"2023-01-07T19:08:44","modified_gmt":"2023-01-07T19:08:44","slug":"tanri-sizi-duyuyor","status":"publish","type":"page","link":"https:\/\/godhearsyou.org\/tr\/","title":{"rendered":"Tanr\u0131 Sizi Duyuyor"},"content":{"rendered":"\r\n<h3>D\u00fc\u015f\u00fcncelerinizi, duygular\u0131n\u0131z\u0131, \u00fcz\u00fcnt\u00fclerinizi ve mutlulu\u011funuzu Tanr\u0131 ile payla\u015f\u0131n. B\u00fct\u00fcn s\u00f6zlerinizi dinleyecektir. Tanr\u0131 seni korusun!<\/h3>\r\n\r\n\r\n<div class=\"wpforms-container wpforms-container-full wpforms-block\" id=\"wpforms-5\"><form id=\"wpforms-form-5\" class=\"wpforms-validate wpforms-form wpforms-ajax-form\" data-formid=\"5\" method=\"post\" enctype=\"multipart\/form-data\" action=\"\/tr\/wp-json\/wp\/v2\/pages\/147\" data-token=\"d6946ee12415616033d688a990d3cb45\" data-token-time=\"1777746815\"><noscript class=\"wpforms-error-noscript\">Please enable JavaScript in your browser to complete this form.<\/noscript><div class=\"wpforms-field-container\"><div id=\"wpforms-5-field_1-container\" class=\"wpforms-field wpforms-field-textarea\" data-field-id=\"1\"><label class=\"wpforms-field-label\" for=\"wpforms-5-field_1\">Your Message to God <span class=\"wpforms-required-label\">*<\/span><\/label><textarea id=\"wpforms-5-field_1\" class=\"wpforms-field-medium wpforms-field-required\" name=\"wpforms[fields][1]\" required><\/textarea><\/div><\/div><!-- .wpforms-field-container --><div class=\"wpforms-field wpforms-field-hp\"><label for=\"wpforms-5-field-hp\" class=\"wpforms-field-label\">Email<\/label><input type=\"text\" name=\"wpforms[hp]\" id=\"wpforms-5-field-hp\" class=\"wpforms-field-medium\"><\/div><div class=\"wpforms-submit-container\" ><input type=\"hidden\" name=\"wpforms[id]\" value=\"5\"><input type=\"hidden\" name=\"page_title\" value=\"\"><input type=\"hidden\" name=\"page_url\" value=\"https:\/\/godhearsyou.org\/tr\/wp-json\/wp\/v2\/pages\/147\"><input type=\"hidden\" name=\"url_referer\" value=\"\"><button type=\"submit\" name=\"wpforms[submit]\" id=\"wpforms-submit-5\" class=\"wpforms-submit\" aria-live=\"assertive\" value=\"wpforms-submit\">Tanr\u0131&#039;ya g\u00f6nder<\/button><img decoding=\"async\" loading=\"lazy\" src=\"https:\/\/godhearsyou.org\/wp-content\/plugins\/wpforms\/assets\/images\/submit-spin.svg\" class=\"wpforms-submit-spinner\" style=\"display: none;\" width=\"26\" height=\"26\" alt=\"Loading\"><\/div><\/form><\/div>  <!-- .wpforms-container -->\r\n\r\n\r\n<div class=\"is-layout-flex wp-block-buttons is-content-justification-right\">\r\n<div class=\"wp-block-button\"><a class=\"wp-block-button__link\" style=\"border-radius: 50px;\" href=\"http:\/\/godhearsyou.org\/donate\/\" target=\"_blank\" rel=\"noreferrer noopener\">Ba\u011f\u0131\u015f yapmak<\/a><\/div>\r\n<\/div>\r\n\r\n\r\n\r\n<p>&nbsp;<\/p>\r\n<p>&nbsp;<\/p>","protected":false},"excerpt":{"rendered":"<p>D\u00fc\u015f\u00fcncelerinizi, duygular\u0131n\u0131z\u0131, \u00fcz\u00fcnt\u00fclerinizi ve mutlulu\u011funuzu Tanr\u0131 ile payla\u015f\u0131n. B\u00fct\u00fcn s\u00f6zlerinizi dinleyecektir. Tanr\u0131 seni korusun! &nbsp; &nbsp;<\/p>\n","protected":false},"author":1,"featured_media":0,"parent":0,"menu_order":0,"comment_status":"closed","ping_status":"closed","template":"","meta":[],"yoast_head":"<!-- This site is optimized with the Yoast SEO Premium plugin v15.8.2 - https:\/\/yoast.com\/wordpress\/plugins\/seo\/ -->\n<meta name=\"description\" content=\"D\u00fc\u015f\u00fcncelerinizi, duygular\u0131n\u0131z\u0131, \u00fcz\u00fcnt\u00fclerinizi ve mutlulu\u011funuzu Tanr\u0131 ile payla\u015f\u0131n. B\u00fct\u00fcn s\u00f6zlerinizi dinleyecektir. Tanr\u0131 seni korusun!\" \/>\n<meta name=\"robots\" content=\"index, follow, max-snippet:-1, max-image-preview:large, max-video-preview:-1\" \/>\n<link rel=\"canonical\" href=\"https:\/\/godhearsyou.org\/tr\/\" \/>\n<meta property=\"og:locale\" content=\"tr_TR\" \/>\n<meta property=\"og:type\" content=\"article\" \/>\n<meta property=\"og:title\" content=\"Tanr\u0131&#039;ya bir mesaj g\u00f6nder - God Hears You\" \/>\n<meta property=\"og:description\" content=\"D\u00fc\u015f\u00fcncelerinizi, duygular\u0131n\u0131z\u0131, \u00fcz\u00fcnt\u00fclerinizi ve mutlulu\u011funuzu Tanr\u0131 ile payla\u015f\u0131n. B\u00fct\u00fcn s\u00f6zlerinizi dinleyecektir. Tanr\u0131 seni korusun!\" \/>\n<meta property=\"og:url\" content=\"https:\/\/godhearsyou.org\/tr\/\" \/>\n<meta property=\"og:site_name\" content=\"God Hears You\" \/>\n<meta property=\"article:modified_time\" content=\"2023-01-07T19:08:44+00:00\" \/>\n<meta property=\"og:image\" content=\"https:\/\/godhearsyou.org\/wp-content\/uploads\/2023\/01\/Send-Message-to-God-God-Hears-You-logo.png\" \/>\n\t<meta property=\"og:image:width\" content=\"326\" \/>\n\t<meta property=\"og:image:height\" content=\"87\" \/>\n<meta name=\"twitter:card\" content=\"summary_large_image\" \/>\n<meta name=\"twitter:label1\" content=\"Tahmini okuma s\u00fcresi\">\n\t<meta name=\"twitter:data1\" content=\"1 dakika\">\n<script type=\"application\/ld+json\" class=\"yoast-schema-graph\">{\"@context\":\"https:\/\/schema.org\",\"@graph\":[{\"@type\":\"Organization\",\"@id\":\"https:\/\/godhearsyou.org\/#organization\",\"name\":\"God Hears You\",\"url\":\"https:\/\/godhearsyou.org\/\",\"sameAs\":[],\"logo\":{\"@type\":\"ImageObject\",\"@id\":\"https:\/\/godhearsyou.org\/#logo\",\"inLanguage\":\"tr\",\"url\":\"https:\/\/godhearsyou.org\/wp-content\/uploads\/2023\/01\/Send-Message-to-God-God-Hears-You-logo.png\",\"width\":326,\"height\":87,\"caption\":\"God Hears You\"},\"image\":{\"@id\":\"https:\/\/godhearsyou.org\/#logo\"}},{\"@type\":\"WebSite\",\"@id\":\"https:\/\/godhearsyou.org\/#website\",\"url\":\"https:\/\/godhearsyou.org\/\",\"name\":\"God Hears You\",\"description\":\"\",\"publisher\":{\"@id\":\"https:\/\/godhearsyou.org\/#organization\"},\"potentialAction\":[{\"@type\":\"SearchAction\",\"target\":\"https:\/\/godhearsyou.org\/?s={search_term_string}\",\"query-input\":\"required name=search_term_string\"}],\"inLanguage\":\"tr\"},{\"@type\":\"WebPage\",\"@id\":\"https:\/\/godhearsyou.org\/tr\/#webpage\",\"url\":\"https:\/\/godhearsyou.org\/tr\/\",\"name\":\"Tanr\\u0131'ya bir mesaj g\\u00f6nder - God Hears You\",\"isPartOf\":{\"@id\":\"https:\/\/godhearsyou.org\/#website\"},\"datePublished\":\"2022-09-21T18:54:29+00:00\",\"dateModified\":\"2023-01-07T19:08:44+00:00\",\"description\":\"D\\u00fc\\u015f\\u00fcncelerinizi, duygular\\u0131n\\u0131z\\u0131, \\u00fcz\\u00fcnt\\u00fclerinizi ve mutlulu\\u011funuzu Tanr\\u0131 ile payla\\u015f\\u0131n. B\\u00fct\\u00fcn s\\u00f6zlerinizi dinleyecektir. Tanr\\u0131 seni korusun!\",\"breadcrumb\":{\"@id\":\"https:\/\/godhearsyou.org\/tr\/#breadcrumb\"},\"inLanguage\":\"tr\",\"potentialAction\":[{\"@type\":\"ReadAction\",\"target\":[\"https:\/\/godhearsyou.org\/tr\/\"]}]},{\"@type\":\"BreadcrumbList\",\"@id\":\"https:\/\/godhearsyou.org\/tr\/#breadcrumb\",\"itemListElement\":[{\"@type\":\"ListItem\",\"position\":1,\"item\":{\"@type\":\"WebPage\",\"@id\":\"https:\/\/godhearsyou.org\/tr\/\",\"url\":\"https:\/\/godhearsyou.org\/tr\/\",\"name\":\"Home\"}},{\"@type\":\"ListItem\",\"position\":2,\"item\":{\"@type\":\"WebPage\",\"@id\":\"https:\/\/godhearsyou.org\/tr\/\",\"url\":\"https:\/\/godhearsyou.org\/tr\/\",\"name\":\"Tanr\\u0131 Sizi Duyuyor\"}}]}]}<\/script>\n<!-- \/ Yoast SEO Premium plugin. -->","_links":{"self":[{"href":"https:\/\/godhearsyou.org\/tr\/wp-json\/wp\/v2\/pages\/147"}],"collection":[{"href":"https:\/\/godhearsyou.org\/tr\/wp-json\/wp\/v2\/pages"}],"about":[{"href":"https:\/\/godhearsyou.org\/tr\/wp-json\/wp\/v2\/types\/page"}],"author":[{"embeddable":true,"href":"https:\/\/godhearsyou.org\/tr\/wp-json\/wp\/v2\/users\/1"}],"replies":[{"embeddable":true,"href":"https:\/\/godhearsyou.org\/tr\/wp-json\/wp\/v2\/comments?post=147"}],"version-history":[{"count":3,"href":"https:\/\/godhearsyou.org\/tr\/wp-json\/wp\/v2\/pages\/147\/revisions"}],"predecessor-version":[{"id":242,"href":"https:\/\/godhearsyou.org\/tr\/wp-json\/wp\/v2\/pages\/147\/revisions\/242"}],"wp:attachment":[{"href":"https:\/\/godhearsyou.org\/tr\/wp-json\/wp\/v2\/media?parent=147"}],"curies":[{"name":"wp","href":"https:\/\/api.w.org\/{rel}","templated":true}]}}