{"id":190,"date":"2021-04-02T17:57:50","date_gmt":"2021-04-02T17:57:50","guid":{"rendered":"http:\/\/godhearsyou.org\/donate\/"},"modified":"2026-03-08T03:59:31","modified_gmt":"2026-03-08T03:59:31","slug":"donate","status":"publish","type":"page","link":"https:\/\/godhearsyou.org\/vi\/donate\/","title":{"rendered":"Donate"},"content":{"rendered":"<h4>M\u1ed9t kho\u1ea3n \u0111\u00f3ng g\u00f3p nh\u1ecf s\u1ebd nu\u00f4i s\u1ed1ng m\u1ed9t \u0111\u1ee9a tr\u1ebb trong b\u1ea3y ng\u00e0y.<\/h4>\n<hr>\n<div class=\"donatebyethbox\">\n<p>\u0110\u1ec3 quy\u00ean g\u00f3p \u1ea9n danh, h\u00e3y g\u1eedi kho\u1ea3n quy\u00ean g\u00f3p Ethereum c\u1ee7a b\u1ea1n \u0111\u1ebfn \u0111\u1ecba ch\u1ec9 v\u00ed ETH sau:<\/p>\n<p> <i>0x6759ebE350DE8Da9a117e028be882D120aE49086<\/i><\/div>\n<hr \/>\n<div id=\"ghy-donation-wrap\" class=\"ghy-donation-wrap\">\n\n    \n        <!-- \u2500\u2500 Ko-fi Embed Mode \u2500\u2500\u2500\u2500\u2500\u2500\u2500\u2500\u2500\u2500\u2500\u2500\u2500\u2500\u2500\u2500\u2500\u2500\u2500\u2500\u2500\u2500\u2500\u2500\u2500\u2500\u2500\u2500\u2500\u2500\u2500\u2500\u2500\u2500\u2500\u2500\u2500\u2500\u2500 -->\n        <div class=\"ghy-kofi-embed-wrap\">\n            <iframe id='kofiframe'\n                src='https:\/\/ko-fi.com\/godhearsyou\/?hidefeed=true&widget=true&embed=true'\n                style='border:none;width:100%;display:block;'\n                height='620'\n                title='Support God Hears You on Ko-fi'\n                loading='lazy'>\n            <\/iframe>\n            <p class=\"ghy-kofi-powered\">\n                \ud83d\udd12 Secured &amp; processed by <strong>Ko-fi<\/strong>\n            <\/p>\n        <\/div>\n\n    \n<\/div>\n","protected":false},"excerpt":{"rendered":"<p>M\u1ed9t kho\u1ea3n \u0111\u00f3ng g\u00f3p nh\u1ecf s\u1ebd nu\u00f4i s\u1ed1ng m\u1ed9t \u0111\u1ee9a tr\u1ebb trong b\u1ea3y ng\u00e0y. \u0110\u1ec3 quy\u00ean g\u00f3p \u1ea9n danh, h\u00e3y g\u1eedi kho\u1ea3n quy\u00ean g\u00f3p Ethereum c\u1ee7a b\u1ea1n \u0111\u1ebfn \u0111\u1ecba ch\u1ec9 v\u00ed ETH sau: 0x6759ebE350DE8Da9a117e028be882D120aE49086<\/p>\n","protected":false},"author":1,"featured_media":0,"parent":0,"menu_order":0,"comment_status":"closed","ping_status":"closed","template":"","meta":[],"yoast_head":"<!-- This site is optimized with the Yoast SEO Premium plugin v15.8.2 - https:\/\/yoast.com\/wordpress\/plugins\/seo\/ -->\n<meta name=\"description\" content=\"Share your thoughts, feelings, sorrows and happiness with god. He will listen to all of your words. God will help you!.\" \/>\n<meta name=\"robots\" content=\"index, follow, max-snippet:-1, max-image-preview:large, max-video-preview:-1\" \/>\n<link rel=\"canonical\" href=\"https:\/\/godhearsyou.org\/vi\/donate\/\" \/>\n<meta property=\"og:locale\" content=\"vi_VN\" \/>\n<meta property=\"og:type\" content=\"article\" \/>\n<meta property=\"og:title\" content=\"Send message to God - God Hears You\" \/>\n<meta property=\"og:description\" content=\"Share your thoughts, feelings, sorrows and happiness with god. He will listen to all of your words. God will help you!.\" \/>\n<meta property=\"og:url\" content=\"https:\/\/godhearsyou.org\/vi\/donate\/\" \/>\n<meta property=\"og:site_name\" content=\"God Hears You\" \/>\n<meta property=\"article:modified_time\" content=\"2026-03-08T03:59:31+00:00\" \/>\n<meta property=\"og:image\" content=\"https:\/\/godhearsyou.org\/wp-content\/uploads\/2023\/01\/Send-Message-to-God-God-Hears-You-logo.png\" \/>\n\t<meta property=\"og:image:width\" content=\"326\" \/>\n\t<meta property=\"og:image:height\" content=\"87\" \/>\n<meta name=\"twitter:card\" content=\"summary_large_image\" \/>\n<script type=\"application\/ld+json\" class=\"yoast-schema-graph\">{\"@context\":\"https:\/\/schema.org\",\"@graph\":[{\"@type\":\"Organization\",\"@id\":\"https:\/\/godhearsyou.org\/#organization\",\"name\":\"God Hears You\",\"url\":\"https:\/\/godhearsyou.org\/\",\"sameAs\":[],\"logo\":{\"@type\":\"ImageObject\",\"@id\":\"https:\/\/godhearsyou.org\/#logo\",\"inLanguage\":\"vi-VN\",\"url\":\"https:\/\/godhearsyou.org\/wp-content\/uploads\/2023\/01\/Send-Message-to-God-God-Hears-You-logo.png\",\"width\":326,\"height\":87,\"caption\":\"God Hears You\"},\"image\":{\"@id\":\"https:\/\/godhearsyou.org\/#logo\"}},{\"@type\":\"WebSite\",\"@id\":\"https:\/\/godhearsyou.org\/#website\",\"url\":\"https:\/\/godhearsyou.org\/\",\"name\":\"God Hears You\",\"description\":\"\",\"publisher\":{\"@id\":\"https:\/\/godhearsyou.org\/#organization\"},\"potentialAction\":[{\"@type\":\"SearchAction\",\"target\":\"https:\/\/godhearsyou.org\/?s={search_term_string}\",\"query-input\":\"required name=search_term_string\"}],\"inLanguage\":\"vi-VN\"},{\"@type\":\"WebPage\",\"@id\":\"https:\/\/godhearsyou.org\/vi\/donate\/#webpage\",\"url\":\"https:\/\/godhearsyou.org\/vi\/donate\/\",\"name\":\"Send message to God - God Hears You\",\"isPartOf\":{\"@id\":\"https:\/\/godhearsyou.org\/#website\"},\"datePublished\":\"2021-04-02T17:57:50+00:00\",\"dateModified\":\"2026-03-08T03:59:31+00:00\",\"description\":\"Share your thoughts, feelings, sorrows and happiness with god. He will listen to all of your words. God will help you!.\",\"breadcrumb\":{\"@id\":\"https:\/\/godhearsyou.org\/vi\/donate\/#breadcrumb\"},\"inLanguage\":\"vi-VN\",\"potentialAction\":[{\"@type\":\"ReadAction\",\"target\":[\"https:\/\/godhearsyou.org\/vi\/donate\/\"]}]},{\"@type\":\"BreadcrumbList\",\"@id\":\"https:\/\/godhearsyou.org\/vi\/donate\/#breadcrumb\",\"itemListElement\":[{\"@type\":\"ListItem\",\"position\":1,\"item\":{\"@type\":\"WebPage\",\"@id\":\"https:\/\/godhearsyou.org\/vi\/\",\"url\":\"https:\/\/godhearsyou.org\/vi\/\",\"name\":\"Home\"}},{\"@type\":\"ListItem\",\"position\":2,\"item\":{\"@type\":\"WebPage\",\"@id\":\"https:\/\/godhearsyou.org\/vi\/donate\/\",\"url\":\"https:\/\/godhearsyou.org\/vi\/donate\/\",\"name\":\"Donate\"}}]}]}<\/script>\n<!-- \/ Yoast SEO Premium plugin. -->","_links":{"self":[{"href":"https:\/\/godhearsyou.org\/vi\/wp-json\/wp\/v2\/pages\/190"}],"collection":[{"href":"https:\/\/godhearsyou.org\/vi\/wp-json\/wp\/v2\/pages"}],"about":[{"href":"https:\/\/godhearsyou.org\/vi\/wp-json\/wp\/v2\/types\/page"}],"author":[{"embeddable":true,"href":"https:\/\/godhearsyou.org\/vi\/wp-json\/wp\/v2\/users\/1"}],"replies":[{"embeddable":true,"href":"https:\/\/godhearsyou.org\/vi\/wp-json\/wp\/v2\/comments?post=190"}],"version-history":[{"count":4,"href":"https:\/\/godhearsyou.org\/vi\/wp-json\/wp\/v2\/pages\/190\/revisions"}],"predecessor-version":[{"id":437,"href":"https:\/\/godhearsyou.org\/vi\/wp-json\/wp\/v2\/pages\/190\/revisions\/437"}],"wp:attachment":[{"href":"https:\/\/godhearsyou.org\/vi\/wp-json\/wp\/v2\/media?parent=190"}],"curies":[{"name":"wp","href":"https:\/\/api.w.org\/{rel}","templated":true}]}}